{"id":189,"date":"2020-02-09T23:59:39","date_gmt":"2020-02-09T23:59:39","guid":{"rendered":"https:\/\/customer.eic-network.com\/andre\/?page_id=189"},"modified":"2020-02-10T00:23:18","modified_gmt":"2020-02-10T00:23:18","slug":"mercearia-2","status":"publish","type":"page","link":"https:\/\/customer.eic-network.com\/andre\/mercearia-2\/","title":{"rendered":"Mercearia"},"content":{"rendered":"<p>[et_pb_section fb_built=&#8221;1&#8243; fullwidth=&#8221;on&#8221; _builder_version=&#8221;4.0.10&#8243;][et_pb_fullwidth_header title=&#8221;A MERCEARIA FAMILIAR&#8221; button_one_text=&#8221;TLF: 21 44 30 077&#8243; background_overlay_color=&#8221;rgba(12,113,195,0.36)&#8221; header_image_url=&#8221;https:\/\/customer.eic-network.com\/andre\/wp-content\/uploads\/2020\/02\/Mercearia.png&#8221; _builder_version=&#8221;4.0.10&#8243; background_color=&#8221;#7cda24&#8243;]<\/p>\n<p><span>Temos uma cuidada selec\u00e7\u00e3o de artigos de primeira necessidade \u00e0 sua disposi\u00e7\u00e3o. Somos a sua mercearia local e estamos abertos at\u00e9 \u00e0s oito da noite. N\u00e3o necessita de se deslocar aos grandes supermercados dos arredores e perder tempo em linhas de espera.<\/span><\/p>\n<p>[\/et_pb_fullwidth_header][\/et_pb_section][et_pb_section fb_built=&#8221;1&#8243; _builder_version=&#8221;4.0.10&#8243;][et_pb_row _builder_version=&#8221;4.0.10&#8243;][et_pb_column type=&#8221;4_4&#8243; _builder_version=&#8221;4.0.10&#8243;][et_pb_image src=&#8221;https:\/\/customer.eic-network.com\/andre\/wp-content\/uploads\/2020\/02\/Vegetais.png&#8221; _builder_version=&#8221;4.0.10&#8243;][\/et_pb_image][et_pb_gallery gallery_ids=&#8221;202,201,200,199,198,197,196,195,215&#8243; show_title_and_caption=&#8221;off&#8221; _builder_version=&#8221;4.0.10&#8243; animation_style=&#8221;fade&#8221;][\/et_pb_gallery][\/et_pb_column][\/et_pb_row][\/et_pb_section]<\/p>\n","protected":false},"excerpt":{"rendered":"<p>Temos uma cuidada selec\u00e7\u00e3o de artigos de primeira necessidade \u00e0 sua disposi\u00e7\u00e3o. Somos a sua mercearia local e estamos abertos at\u00e9 \u00e0s oito da noite. N\u00e3o necessita de se deslocar aos grandes supermercados dos arredores e perder tempo em linhas de espera.<\/p>\n","protected":false},"author":2,"featured_media":0,"parent":0,"menu_order":0,"comment_status":"closed","ping_status":"closed","template":"","meta":{"_et_pb_use_builder":"on","_et_pb_old_content":"","_et_gb_content_width":"","footnotes":""},"_links":{"self":[{"href":"https:\/\/customer.eic-network.com\/andre\/wp-json\/wp\/v2\/pages\/189"}],"collection":[{"href":"https:\/\/customer.eic-network.com\/andre\/wp-json\/wp\/v2\/pages"}],"about":[{"href":"https:\/\/customer.eic-network.com\/andre\/wp-json\/wp\/v2\/types\/page"}],"author":[{"embeddable":true,"href":"https:\/\/customer.eic-network.com\/andre\/wp-json\/wp\/v2\/users\/2"}],"replies":[{"embeddable":true,"href":"https:\/\/customer.eic-network.com\/andre\/wp-json\/wp\/v2\/comments?post=189"}],"version-history":[{"count":8,"href":"https:\/\/customer.eic-network.com\/andre\/wp-json\/wp\/v2\/pages\/189\/revisions"}],"predecessor-version":[{"id":219,"href":"https:\/\/customer.eic-network.com\/andre\/wp-json\/wp\/v2\/pages\/189\/revisions\/219"}],"wp:attachment":[{"href":"https:\/\/customer.eic-network.com\/andre\/wp-json\/wp\/v2\/media?parent=189"}],"curies":[{"name":"wp","href":"https:\/\/api.w.org\/{rel}","templated":true}]}}