{"id":161,"date":"2020-02-09T11:32:54","date_gmt":"2020-02-09T11:32:54","guid":{"rendered":"https:\/\/customer.eic-network.com\/andre\/?page_id=161"},"modified":"2023-11-08T19:38:52","modified_gmt":"2023-11-08T19:38:52","slug":"ementa-diaria","status":"publish","type":"page","link":"https:\/\/customer.eic-network.com\/andre\/ementa-diaria\/","title":{"rendered":"Ementa di\u00e1ria"},"content":{"rendered":"<p>[et_pb_section fb_built=&#8221;1&#8243; fullwidth=&#8221;on&#8221; _builder_version=&#8221;4.16&#8243; background_color=&#8221;#fc9569&#8243; global_colors_info=&#8221;{}&#8221;][et_pb_fullwidth_header title=&#8221;Pronto-a-comer&#8221; button_one_text=&#8221;TLF: 21 44 30 077&#8243; header_image_url=&#8221;https:\/\/customer.eic-network.com\/andre\/wp-content\/uploads\/2020\/02\/seafood-paella-PLQ9W9D-scaled.jpg&#8221; _builder_version=&#8221;4.16&#8243; background_color=&#8221;#5b8500&#8243; global_colors_info=&#8221;{}&#8221;]<\/p>\n<p>Produzimos diariamente pratos diferentes, variando de dia para dia, com diversos acompanhamentos \u00e0 escolha. Pode levar a sua refei\u00e7\u00e3o, encomendar para o seu dia-a-dia ou para um jantar especial.<\/p>\n<p>[\/et_pb_fullwidth_header][\/et_pb_section][et_pb_section fb_built=&#8221;1&#8243; _builder_version=&#8221;4.16&#8243; global_colors_info=&#8221;{}&#8221;][et_pb_row _builder_version=&#8221;4.16&#8243; global_colors_info=&#8221;{}&#8221;][et_pb_column type=&#8221;4_4&#8243; _builder_version=&#8221;4.16&#8243; global_colors_info=&#8221;{}&#8221;][et_pb_image src=&#8221;https:\/\/customer.eic-network.com\/andre\/wp-content\/uploads\/2020\/02\/codfish-with-potatoes-cooked-in-the-oven-PDYMGQ5-scaled.jpg&#8221; _builder_version=&#8221;4.16&#8243; global_colors_info=&#8221;{}&#8221;][\/et_pb_image][et_pb_gallery gallery_ids=&#8221;169,167,166,168&#8243; dbdb_version=&#8221;4.3.4&#8243; show_title_and_caption=&#8221;off&#8221; _builder_version=&#8221;4.16&#8243; animation_style=&#8221;fade&#8221; global_colors_info=&#8221;{}&#8221;][\/et_pb_gallery][\/et_pb_column][\/et_pb_row][\/et_pb_section]<\/p>\n","protected":false},"excerpt":{"rendered":"<p>Produzimos diariamente pratos diferentes, variando de dia para dia, com diversos acompanhamentos \u00e0 escolha. Pode levar a sua refei\u00e7\u00e3o, encomendar para o seu dia-a-dia ou para um jantar especial.<\/p>\n","protected":false},"author":2,"featured_media":0,"parent":0,"menu_order":0,"comment_status":"closed","ping_status":"closed","template":"","meta":{"_et_pb_use_builder":"on","_et_pb_old_content":"","_et_gb_content_width":"","footnotes":""},"_links":{"self":[{"href":"https:\/\/customer.eic-network.com\/andre\/wp-json\/wp\/v2\/pages\/161"}],"collection":[{"href":"https:\/\/customer.eic-network.com\/andre\/wp-json\/wp\/v2\/pages"}],"about":[{"href":"https:\/\/customer.eic-network.com\/andre\/wp-json\/wp\/v2\/types\/page"}],"author":[{"embeddable":true,"href":"https:\/\/customer.eic-network.com\/andre\/wp-json\/wp\/v2\/users\/2"}],"replies":[{"embeddable":true,"href":"https:\/\/customer.eic-network.com\/andre\/wp-json\/wp\/v2\/comments?post=161"}],"version-history":[{"count":8,"href":"https:\/\/customer.eic-network.com\/andre\/wp-json\/wp\/v2\/pages\/161\/revisions"}],"predecessor-version":[{"id":354,"href":"https:\/\/customer.eic-network.com\/andre\/wp-json\/wp\/v2\/pages\/161\/revisions\/354"}],"wp:attachment":[{"href":"https:\/\/customer.eic-network.com\/andre\/wp-json\/wp\/v2\/media?parent=161"}],"curies":[{"name":"wp","href":"https:\/\/api.w.org\/{rel}","templated":true}]}}